{"id":16151,"date":"2025-10-24T12:47:46","date_gmt":"2025-10-24T10:47:46","guid":{"rendered":"https:\/\/lineup-solutions.fr\/?page_id=16151"},"modified":"2025-10-24T21:18:14","modified_gmt":"2025-10-24T19:18:14","slug":"web","status":"publish","type":"page","link":"https:\/\/lineup-solutions.fr\/index.php\/web\/","title":{"rendered":"Web"},"content":{"rendered":"\t\t<div data-elementor-type=\"wp-page\" data-elementor-id=\"16151\" class=\"elementor elementor-16151\">\n\t\t\t\t<div class=\"elementor-element elementor-element-b0ad556 wd-section-stretch e-flex e-con-boxed e-con e-parent\" data-id=\"b0ad556\" data-element_type=\"container\" data-settings=\"{&quot;background_background&quot;:&quot;classic&quot;}\">\n\t\t\t\t\t<div class=\"e-con-inner\">\n\t\t\t\t<div class=\"elementor-element elementor-element-2d62b1d elementor-widget__width-initial elementor-widget-tablet__width-inherit wd-width-100 elementor-widget elementor-widget-wd_title\" data-id=\"2d62b1d\" data-element_type=\"widget\" data-widget_type=\"wd_title.default\">\n\t\t\t\t<div class=\"elementor-widget-container\">\n\t\t\t\t\t\t\t<div class=\"title-wrapper set-mb-s reset-last-child wd-title-color-primary wd-title-style-default wd-title-size-large text-center\">\n\n\t\t\t\t\t\t\t<div class=\"title-subtitle subtitle-color-primary subtitle-style-default wd-fontsize-xs\">\n\t\t\t\t\tD\u00e9veloppement Web \u2013 Des sites performants, sur mesure et \u00e9l\u00e9gants\t\t\t\t<\/div>\n\t\t\t\n\t\t\t<div class=\"liner-continer\">\n\t\t\t\t<h4 class=\"woodmart-title-container title wd-fontsize-xxl\">Chez Lineup Solution, nous concevons des sites web modernes, rapides et parfaitement adapt\u00e9s \u00e0 votre image.<br \/>\nNotre mission : transformer vos id\u00e9es en exp\u00e9riences digitales uniques, capables d\u2019attirer, convertir et fid\u00e9liser vos visiteurs.<\/h4> \n\t\t\t\t\t\t\t<\/div>\n\n\t\t\t\t\t<\/div>\n\t\t\t\t\t\t<\/div>\n\t\t\t\t<\/div>\n\t\t\t\t\t<\/div>\n\t\t\t\t<\/div>\n\t\t<div class=\"elementor-element elementor-element-7c704f2 e-flex e-con-boxed e-con e-parent\" data-id=\"7c704f2\" data-element_type=\"container\">\n\t\t\t\t\t<div class=\"e-con-inner\">\n\t\t<div class=\"elementor-element elementor-element-036a217 e-con-full e-flex e-con e-child\" data-id=\"036a217\" data-element_type=\"container\">\n\t\t\t\t<div class=\"elementor-element elementor-element-bfe4198 elementor-widget elementor-widget-wd_image_or_svg\" data-id=\"bfe4198\" data-element_type=\"widget\" data-widget_type=\"wd_image_or_svg.default\">\n\t\t\t\t<div class=\"elementor-widget-container\">\n\t\t\t\t\t\n\t\t<div class=\"wd-image text-left\">\n\t\t\t\t\t\t\t\t<img fetchpriority=\"high\" decoding=\"async\" width=\"2000\" height=\"959\" src=\"https:\/\/lineup-solutions.fr\/wp-content\/uploads\/2025\/10\/site-web-10-1.png\" class=\"attachment-full size-full\" alt=\"\" srcset=\"https:\/\/lineup-solutions.fr\/wp-content\/uploads\/2025\/10\/site-web-10-1.png 2000w, https:\/\/lineup-solutions.fr\/wp-content\/uploads\/2025\/10\/site-web-10-1-400x192.png 400w, https:\/\/lineup-solutions.fr\/wp-content\/uploads\/2025\/10\/site-web-10-1-1300x623.png 1300w, https:\/\/lineup-solutions.fr\/wp-content\/uploads\/2025\/10\/site-web-10-1-768x368.png 768w, https:\/\/lineup-solutions.fr\/wp-content\/uploads\/2025\/10\/site-web-10-1-1536x737.png 1536w, https:\/\/lineup-solutions.fr\/wp-content\/uploads\/2025\/10\/site-web-10-1-860x412.png 860w, https:\/\/lineup-solutions.fr\/wp-content\/uploads\/2025\/10\/site-web-10-1-430x206.png 430w, https:\/\/lineup-solutions.fr\/wp-content\/uploads\/2025\/10\/site-web-10-1-700x336.png 700w, https:\/\/lineup-solutions.fr\/wp-content\/uploads\/2025\/10\/site-web-10-1-150x72.png 150w\" sizes=\"(max-width: 2000px) 100vw, 2000px\" \/>\t\t\t\t\t<\/div>\n\n\t\t\t\t\t\t<\/div>\n\t\t\t\t<\/div>\n\t\t\t\t<\/div>\n\t\t<div class=\"elementor-element elementor-element-c70532f e-con-full e-flex e-con e-child\" data-id=\"c70532f\" data-element_type=\"container\">\n\t\t\t\t<div class=\"elementor-element elementor-element-27ad20b elementor-widget elementor-widget-wd_text_block\" data-id=\"27ad20b\" data-element_type=\"widget\" data-widget_type=\"wd_text_block.default\">\n\t\t\t\t<div class=\"elementor-widget-container\">\n\t\t\t\t\t\t\t<div class=\"wd-text-block reset-last-child text-left\">\n\t\t\t\n\t\t\t<p data-start=\"0\" data-end=\"79\"><span style=\"color: #000000;\">Nous d\u00e9veloppons tous types de sites web selon vos besoins et vos objectifs :<\/span><\/p><p data-start=\"81\" data-end=\"204\"><span style=\"color: #000000;\"><strong data-start=\"81\" data-end=\"99\">Sites vitrines<\/strong> : Pr\u00e9sentez votre entreprise, vos services ou votre activit\u00e9 de mani\u00e8re professionnelle et impactante.<\/span><\/p><p data-start=\"206\" data-end=\"328\"><span style=\"color: #000000;\"><strong data-start=\"206\" data-end=\"240\">Sites e-commerce (WooCommerce)<\/strong> : Vendez vos produits en ligne avec une boutique fluide, s\u00e9curis\u00e9e et facile \u00e0 g\u00e9rer.<\/span><\/p><p data-start=\"330\" data-end=\"440\"><span style=\"color: #000000;\"><strong data-start=\"330\" data-end=\"349\">Sites portfolio<\/strong> : Mettez en valeur vos projets et votre cr\u00e9ativit\u00e9 \u00e0 travers un design moderne et \u00e9pur\u00e9.<\/span><\/p><p data-start=\"442\" data-end=\"564\"><span style=\"color: #000000;\"><strong data-start=\"442\" data-end=\"455\">Sites B2B<\/strong> : Offrez \u00e0 vos partenaires et clients professionnels un espace fonctionnel et optimis\u00e9 pour leurs besoins.<\/span><\/p><p data-start=\"566\" data-end=\"770\" data-is-last-node=\"\" data-is-only-node=\"\"><span style=\"color: #000000;\"><strong data-start=\"566\" data-end=\"600\">Sites culinaires &amp; restaurants<\/strong> : Notre sp\u00e9cialit\u00e9 ! Nous cr\u00e9ons des sites pour restaurants, caf\u00e9s et services de restauration, int\u00e9grant menus digitaux, r\u00e9servations en ligne et gestion des commandes.<\/span><\/p>\n\t\t\t\t\t<\/div>\n\t\t\t\t\t\t<\/div>\n\t\t\t\t<\/div>\n\t\t\t\t<\/div>\n\t\t\t\t\t<\/div>\n\t\t\t\t<\/div>\n\t\t<div class=\"elementor-element elementor-element-c10c4b4 e-con-full e-flex e-con e-parent\" data-id=\"c10c4b4\" data-element_type=\"container\">\n\t\t\t\t<div class=\"elementor-element elementor-element-982362f elementor-arrows-position-inside elementor-pagination-position-outside elementor-widget elementor-widget-image-carousel\" data-id=\"982362f\" data-element_type=\"widget\" data-settings=\"{&quot;autoplay_speed&quot;:3000,&quot;navigation&quot;:&quot;both&quot;,&quot;autoplay&quot;:&quot;yes&quot;,&quot;infinite&quot;:&quot;yes&quot;,&quot;speed&quot;:500,&quot;image_spacing_custom&quot;:{&quot;unit&quot;:&quot;px&quot;,&quot;size&quot;:20,&quot;sizes&quot;:[]},&quot;image_spacing_custom_tablet&quot;:{&quot;unit&quot;:&quot;px&quot;,&quot;size&quot;:&quot;&quot;,&quot;sizes&quot;:[]},&quot;image_spacing_custom_mobile&quot;:{&quot;unit&quot;:&quot;px&quot;,&quot;size&quot;:&quot;&quot;,&quot;sizes&quot;:[]}}\" data-widget_type=\"image-carousel.default\">\n\t\t\t\t\t\t\t<div class=\"elementor-image-carousel-wrapper swiper\" role=\"region\" aria-roledescription=\"carousel\" aria-label=\"Carrousel d\u2019images\" dir=\"ltr\">\n\t\t\t<div class=\"elementor-image-carousel swiper-wrapper swiper-image-stretch\" aria-live=\"off\">\n\t\t\t\t\t\t\t\t<div class=\"swiper-slide\" role=\"group\" aria-roledescription=\"slide\" aria-label=\"1 sur 8\"><figure class=\"swiper-slide-inner\"><img decoding=\"async\" class=\"swiper-slide-image\" src=\"https:\/\/lineup-solutions.fr\/wp-content\/uploads\/2025\/10\/site-web-1.png\" alt=\"site-web-1\" \/><\/figure><\/div><div class=\"swiper-slide\" role=\"group\" aria-roledescription=\"slide\" aria-label=\"2 sur 8\"><figure class=\"swiper-slide-inner\"><img decoding=\"async\" class=\"swiper-slide-image\" src=\"https:\/\/lineup-solutions.fr\/wp-content\/uploads\/2025\/10\/site-web-2.png\" alt=\"site-web-2\" \/><\/figure><\/div><div class=\"swiper-slide\" role=\"group\" aria-roledescription=\"slide\" aria-label=\"3 sur 8\"><figure class=\"swiper-slide-inner\"><img decoding=\"async\" class=\"swiper-slide-image\" src=\"https:\/\/lineup-solutions.fr\/wp-content\/uploads\/2025\/10\/site-web-3.png\" alt=\"site-web-3\" \/><\/figure><\/div><div class=\"swiper-slide\" role=\"group\" aria-roledescription=\"slide\" aria-label=\"4 sur 8\"><figure class=\"swiper-slide-inner\"><img decoding=\"async\" class=\"swiper-slide-image\" src=\"https:\/\/lineup-solutions.fr\/wp-content\/uploads\/2025\/10\/site-web-5.png\" alt=\"site-web-5\" \/><\/figure><\/div><div class=\"swiper-slide\" role=\"group\" aria-roledescription=\"slide\" aria-label=\"5 sur 8\"><figure class=\"swiper-slide-inner\"><img decoding=\"async\" class=\"swiper-slide-image\" src=\"https:\/\/lineup-solutions.fr\/wp-content\/uploads\/2025\/10\/site-web-4.png\" alt=\"site-web-4\" \/><\/figure><\/div><div class=\"swiper-slide\" role=\"group\" aria-roledescription=\"slide\" aria-label=\"6 sur 8\"><figure class=\"swiper-slide-inner\"><img decoding=\"async\" class=\"swiper-slide-image\" src=\"https:\/\/lineup-solutions.fr\/wp-content\/uploads\/2025\/10\/site-web-7.png\" alt=\"site-web-7\" \/><\/figure><\/div><div class=\"swiper-slide\" role=\"group\" aria-roledescription=\"slide\" aria-label=\"7 sur 8\"><figure class=\"swiper-slide-inner\"><img decoding=\"async\" class=\"swiper-slide-image\" src=\"https:\/\/lineup-solutions.fr\/wp-content\/uploads\/2025\/10\/site-web-10-1-1.png\" alt=\"site-web-10-1\" \/><\/figure><\/div><div class=\"swiper-slide\" role=\"group\" aria-roledescription=\"slide\" aria-label=\"8 sur 8\"><figure class=\"swiper-slide-inner\"><img decoding=\"async\" class=\"swiper-slide-image\" src=\"https:\/\/lineup-solutions.fr\/wp-content\/uploads\/2025\/10\/site-web-8.png\" alt=\"site-web-8\" \/><\/figure><\/div>\t\t\t<\/div>\n\t\t\t\t\t\t\t\t\t\t\t\t<div class=\"elementor-swiper-button elementor-swiper-button-prev\" role=\"button\" tabindex=\"0\">\n\t\t\t\t\t\t<svg aria-hidden=\"true\" class=\"e-font-icon-svg e-eicon-chevron-left\" viewBox=\"0 0 1000 1000\" xmlns=\"http:\/\/www.w3.org\/2000\/svg\"><path d=\"M646 125C629 125 613 133 604 142L308 442C296 454 292 471 292 487 292 504 296 521 308 533L604 854C617 867 629 875 646 875 663 875 679 871 692 858 704 846 713 829 713 812 713 796 708 779 692 767L438 487 692 225C700 217 708 204 708 187 708 171 704 154 692 142 675 129 663 125 646 125Z\"><\/path><\/svg>\t\t\t\t\t<\/div>\n\t\t\t\t\t<div class=\"elementor-swiper-button elementor-swiper-button-next\" role=\"button\" tabindex=\"0\">\n\t\t\t\t\t\t<svg aria-hidden=\"true\" class=\"e-font-icon-svg e-eicon-chevron-right\" viewBox=\"0 0 1000 1000\" xmlns=\"http:\/\/www.w3.org\/2000\/svg\"><path d=\"M696 533C708 521 713 504 713 487 713 471 708 454 696 446L400 146C388 133 375 125 354 125 338 125 325 129 313 142 300 154 292 171 292 187 292 204 296 221 308 233L563 492 304 771C292 783 288 800 288 817 288 833 296 850 308 863 321 871 338 875 354 875 371 875 388 867 400 854L696 533Z\"><\/path><\/svg>\t\t\t\t\t<\/div>\n\t\t\t\t\n\t\t\t\t\t\t\t\t\t<div class=\"swiper-pagination\"><\/div>\n\t\t\t\t\t\t\t\t\t<\/div>\n\t\t\t\t\t\t<\/div>\n\t\t\t\t<\/div>\n\t\t<div class=\"elementor-element elementor-element-3a199ec e-flex e-con-boxed e-con e-parent\" data-id=\"3a199ec\" data-element_type=\"container\">\n\t\t\t\t\t<div class=\"e-con-inner\">\n\t\t<div class=\"elementor-element elementor-element-846dc6f e-con-full e-flex e-con e-child\" data-id=\"846dc6f\" data-element_type=\"container\">\n\t\t\t\t<div class=\"elementor-element elementor-element-3f1c775 elementor-widget elementor-widget-wd_text_block\" data-id=\"3f1c775\" data-element_type=\"widget\" data-widget_type=\"wd_text_block.default\">\n\t\t\t\t<div class=\"elementor-widget-container\">\n\t\t\t\t\t\t\t<div class=\"wd-text-block reset-last-child text-left\">\n\t\t\t\n\t\t\t<h3 data-start=\"1659\" data-end=\"1714\"><span style=\"color: #000000;\"><strong data-start=\"1666\" data-end=\"1714\">Des solutions sur mesure pour votre activit\u00e9<\/strong><\/span><\/h3><p data-start=\"1715\" data-end=\"1868\"><span style=\"color: #000000;\">Au-del\u00e0 des sites classiques, <strong data-start=\"1745\" data-end=\"1764\">Lineup Solution<\/strong> d\u00e9veloppe des <strong data-start=\"1779\" data-end=\"1830\">dashboards et syst\u00e8mes de gestion personnalis\u00e9s<\/strong>, adapt\u00e9s \u00e0 vos processus internes :<\/span><\/p><ul data-start=\"1869\" data-end=\"2027\"><li data-start=\"1869\" data-end=\"1908\"><p data-start=\"1871\" data-end=\"1908\"><span style=\"color: #000000;\">Gestion des commandes et des stocks<\/span><\/p><\/li><li data-start=\"1909\" data-end=\"1933\"><p data-start=\"1911\" data-end=\"1933\"><span style=\"color: #000000;\">Suivi des livraisons<\/span><\/p><\/li><li data-start=\"1934\" data-end=\"1975\"><p data-start=\"1936\" data-end=\"1975\"><span style=\"color: #000000;\">Gestion des r\u00e9servations et paiements<\/span><\/p><\/li><li data-start=\"1976\" data-end=\"2027\"><p data-start=\"1978\" data-end=\"2027\"><span style=\"color: #000000;\">Acc\u00e8s administrateur et rapports de performance<\/span><\/p><\/li><\/ul><p data-start=\"2029\" data-end=\"2136\"><span style=\"color: #000000;\">Chaque solution est pens\u00e9e pour <strong data-start=\"2061\" data-end=\"2099\">simplifier votre travail quotidien<\/strong> et <strong data-start=\"2103\" data-end=\"2135\">am\u00e9liorer votre productivit\u00e9<\/strong>.<\/span><\/p>\n\t\t\t\t\t<\/div>\n\t\t\t\t\t\t<\/div>\n\t\t\t\t<\/div>\n\t\t\t\t<\/div>\n\t\t<div class=\"elementor-element elementor-element-eff7804 e-con-full e-flex e-con e-child\" data-id=\"eff7804\" data-element_type=\"container\">\n\t\t\t\t<div class=\"elementor-element elementor-element-13e9298 elementor-widget elementor-widget-wd_image_or_svg\" data-id=\"13e9298\" data-element_type=\"widget\" data-widget_type=\"wd_image_or_svg.default\">\n\t\t\t\t<div class=\"elementor-widget-container\">\n\t\t\t\t\t\n\t\t<div class=\"wd-image text-left\">\n\t\t\t\t\t\t\t\t<img decoding=\"async\" width=\"2000\" height=\"959\" src=\"https:\/\/lineup-solutions.fr\/wp-content\/uploads\/2025\/10\/site-web-7.png\" class=\"attachment-full size-full\" alt=\"\" srcset=\"https:\/\/lineup-solutions.fr\/wp-content\/uploads\/2025\/10\/site-web-7.png 2000w, https:\/\/lineup-solutions.fr\/wp-content\/uploads\/2025\/10\/site-web-7-400x192.png 400w, https:\/\/lineup-solutions.fr\/wp-content\/uploads\/2025\/10\/site-web-7-1300x623.png 1300w, https:\/\/lineup-solutions.fr\/wp-content\/uploads\/2025\/10\/site-web-7-768x368.png 768w, https:\/\/lineup-solutions.fr\/wp-content\/uploads\/2025\/10\/site-web-7-1536x737.png 1536w, https:\/\/lineup-solutions.fr\/wp-content\/uploads\/2025\/10\/site-web-7-860x412.png 860w, https:\/\/lineup-solutions.fr\/wp-content\/uploads\/2025\/10\/site-web-7-430x206.png 430w, https:\/\/lineup-solutions.fr\/wp-content\/uploads\/2025\/10\/site-web-7-700x336.png 700w, https:\/\/lineup-solutions.fr\/wp-content\/uploads\/2025\/10\/site-web-7-150x72.png 150w\" sizes=\"(max-width: 2000px) 100vw, 2000px\" \/>\t\t\t\t\t<\/div>\n\n\t\t\t\t\t\t<\/div>\n\t\t\t\t<\/div>\n\t\t\t\t<\/div>\n\t\t\t\t\t<\/div>\n\t\t\t\t<\/div>\n\t\t\t\t<\/div>\n\t\t","protected":false},"excerpt":{"rendered":"<p>D\u00e9veloppement Web \u2013 Des sites performants, sur mesure et \u00e9l\u00e9gants Chez Lineup Solution, nous concevons des sites web modernes, rapides<\/p>\n","protected":false},"author":1,"featured_media":0,"parent":0,"menu_order":0,"comment_status":"closed","ping_status":"closed","template":"elementor_header_footer","meta":{"footnotes":""},"class_list":["post-16151","page","type-page","status-publish","hentry"],"_links":{"self":[{"href":"https:\/\/lineup-solutions.fr\/index.php\/wp-json\/wp\/v2\/pages\/16151","targetHints":{"allow":["GET"]}}],"collection":[{"href":"https:\/\/lineup-solutions.fr\/index.php\/wp-json\/wp\/v2\/pages"}],"about":[{"href":"https:\/\/lineup-solutions.fr\/index.php\/wp-json\/wp\/v2\/types\/page"}],"author":[{"embeddable":true,"href":"https:\/\/lineup-solutions.fr\/index.php\/wp-json\/wp\/v2\/users\/1"}],"replies":[{"embeddable":true,"href":"https:\/\/lineup-solutions.fr\/index.php\/wp-json\/wp\/v2\/comments?post=16151"}],"version-history":[{"count":40,"href":"https:\/\/lineup-solutions.fr\/index.php\/wp-json\/wp\/v2\/pages\/16151\/revisions"}],"predecessor-version":[{"id":16203,"href":"https:\/\/lineup-solutions.fr\/index.php\/wp-json\/wp\/v2\/pages\/16151\/revisions\/16203"}],"wp:attachment":[{"href":"https:\/\/lineup-solutions.fr\/index.php\/wp-json\/wp\/v2\/media?parent=16151"}],"curies":[{"name":"wp","href":"https:\/\/api.w.org\/{rel}","templated":true}]}}