{"id":15997,"date":"2025-10-21T12:16:00","date_gmt":"2025-10-21T10:16:00","guid":{"rendered":"https:\/\/lineup-solutions.fr\/?page_id=15997"},"modified":"2025-10-24T11:57:46","modified_gmt":"2025-10-24T09:57:46","slug":"caisses-enregistreuses-tactiles","status":"publish","type":"page","link":"https:\/\/lineup-solutions.fr\/index.php\/caisses-enregistreuses-tactiles\/","title":{"rendered":"Caisses enregistreuses tactiles"},"content":{"rendered":"\t\t<div data-elementor-type=\"wp-page\" data-elementor-id=\"15997\" class=\"elementor elementor-15997\">\n\t\t\t\t<div class=\"elementor-element elementor-element-4e6d9c1 wd-section-stretch e-flex e-con-boxed e-con e-parent\" data-id=\"4e6d9c1\" data-element_type=\"container\" data-settings=\"{&quot;background_background&quot;:&quot;classic&quot;}\">\n\t\t\t\t\t<div class=\"e-con-inner\">\n\t\t\t\t<div class=\"elementor-element elementor-element-a9b2955 elementor-widget__width-initial elementor-widget-tablet__width-inherit wd-width-100 elementor-widget elementor-widget-wd_title\" data-id=\"a9b2955\" data-element_type=\"widget\" data-widget_type=\"wd_title.default\">\n\t\t\t\t<div class=\"elementor-widget-container\">\n\t\t\t\t\t\t\t<div class=\"title-wrapper set-mb-s reset-last-child wd-title-color-primary wd-title-style-default wd-title-size-large text-center\">\n\n\t\t\t\t\t\t\t<div class=\"title-subtitle subtitle-color-primary subtitle-style-default wd-fontsize-xs\">\n\t\t\t\t\tMarketing Digital\t\t\t\t<\/div>\n\t\t\t\n\t\t\t<div class=\"liner-continer\">\n\t\t\t\t<h4 class=\"woodmart-title-container title wd-fontsize-xxl\">Boostez votre pr\u00e9sence en ligne avec Lineup Solution<\/h4> \n\t\t\t\t\t\t\t<\/div>\n\n\t\t\t\t\t<\/div>\n\t\t\t\t\t\t<\/div>\n\t\t\t\t<\/div>\n\t\t\t\t\t<\/div>\n\t\t\t\t<\/div>\n\t\t<div class=\"elementor-element elementor-element-fc82ebf e-flex e-con-boxed e-con e-parent\" data-id=\"fc82ebf\" data-element_type=\"container\">\n\t\t\t\t\t<div class=\"e-con-inner\">\n\t\t<div class=\"elementor-element elementor-element-3ee8fad e-con-full e-flex e-con e-child\" data-id=\"3ee8fad\" data-element_type=\"container\">\n\t\t\t\t<div class=\"elementor-element elementor-element-605faf4 elementor-widget elementor-widget-wd_image_or_svg\" data-id=\"605faf4\" data-element_type=\"widget\" data-widget_type=\"wd_image_or_svg.default\">\n\t\t\t\t<div class=\"elementor-widget-container\">\n\t\t\t\t\t\n\t\t<div class=\"wd-image text-left\">\n\t\t\t\t\t\t\t\t<img fetchpriority=\"high\" decoding=\"async\" width=\"2000\" height=\"1334\" src=\"https:\/\/lineup-solutions.fr\/wp-content\/uploads\/2025\/10\/caisses-enregistreuses-tactiles.jpg\" class=\"attachment-full size-full\" alt=\"\" srcset=\"https:\/\/lineup-solutions.fr\/wp-content\/uploads\/2025\/10\/caisses-enregistreuses-tactiles.jpg 2000w, https:\/\/lineup-solutions.fr\/wp-content\/uploads\/2025\/10\/caisses-enregistreuses-tactiles-400x267.jpg 400w, https:\/\/lineup-solutions.fr\/wp-content\/uploads\/2025\/10\/caisses-enregistreuses-tactiles-1199x800.jpg 1199w, https:\/\/lineup-solutions.fr\/wp-content\/uploads\/2025\/10\/caisses-enregistreuses-tactiles-768x512.jpg 768w, https:\/\/lineup-solutions.fr\/wp-content\/uploads\/2025\/10\/caisses-enregistreuses-tactiles-1536x1025.jpg 1536w, https:\/\/lineup-solutions.fr\/wp-content\/uploads\/2025\/10\/caisses-enregistreuses-tactiles-860x574.jpg 860w, https:\/\/lineup-solutions.fr\/wp-content\/uploads\/2025\/10\/caisses-enregistreuses-tactiles-430x287.jpg 430w, https:\/\/lineup-solutions.fr\/wp-content\/uploads\/2025\/10\/caisses-enregistreuses-tactiles-700x467.jpg 700w, https:\/\/lineup-solutions.fr\/wp-content\/uploads\/2025\/10\/caisses-enregistreuses-tactiles-150x100.jpg 150w\" sizes=\"(max-width: 2000px) 100vw, 2000px\" \/>\t\t\t\t\t<\/div>\n\n\t\t\t\t\t\t<\/div>\n\t\t\t\t<\/div>\n\t\t\t\t<\/div>\n\t\t<div class=\"elementor-element elementor-element-ee59616 e-con-full e-flex e-con e-child\" data-id=\"ee59616\" data-element_type=\"container\">\n\t\t\t\t<div class=\"elementor-element elementor-element-cd9c268 elementor-widget__width-initial wd-width-100 elementor-widget elementor-widget-wd_title\" data-id=\"cd9c268\" data-element_type=\"widget\" data-widget_type=\"wd_title.default\">\n\t\t\t\t<div class=\"elementor-widget-container\">\n\t\t\t\t\t\t\t<div class=\"title-wrapper set-mb-s reset-last-child wd-title-color-primary wd-title-style-default wd-title-size-large text-left\">\n\n\t\t\t\n\t\t\t<div class=\"liner-continer\">\n\t\t\t\t<h4 class=\"woodmart-title-container title wd-fontsize-xxl\">Simplifiez vos commandes, dynamisez votre service<\/h4> \n\t\t\t\t\t\t\t<\/div>\n\n\t\t\t\t\t<\/div>\n\t\t\t\t\t\t<\/div>\n\t\t\t\t<\/div>\n\t\t\t\t<div class=\"elementor-element elementor-element-a6136b0 elementor-widget elementor-widget-wd_text_block\" data-id=\"a6136b0\" data-element_type=\"widget\" data-widget_type=\"wd_text_block.default\">\n\t\t\t\t<div class=\"elementor-widget-container\">\n\t\t\t\t\t\t\t<div class=\"wd-text-block reset-last-child text-left\">\n\t\t\t\n\t\t\t<p data-start=\"90\" data-end=\"480\"><span style=\"color: #000000;\">Chez <strong data-start=\"92\" data-end=\"108\">Lineupgraphi<\/strong>, nous vous proposons des <strong data-start=\"134\" data-end=\"169\">caisses enregistreuses tactiles<\/strong> performantes et intuitives, con\u00e7ues pour faciliter la gestion de vos ventes et offrir une exp\u00e9rience fluide \u00e0 vos clients.<\/span><br data-start=\"292\" data-end=\"295\" \/><span style=\"color: #000000;\">Modernes, ergonomiques et rapides, nos solutions s\u2019adaptent parfaitement \u00e0 tous les types de commerces : restaurants, caf\u00e9s, salons de th\u00e9, boutiques ou points de service.<\/span><\/p>\n\t\t\t\t\t<\/div>\n\t\t\t\t\t\t<\/div>\n\t\t\t\t<\/div>\n\t\t\t\t<\/div>\n\t\t\t\t\t<\/div>\n\t\t\t\t<\/div>\n\t\t<div class=\"elementor-element elementor-element-f71990d wd-section-stretch e-flex e-con-boxed e-con e-parent\" data-id=\"f71990d\" data-element_type=\"container\" data-settings=\"{&quot;background_background&quot;:&quot;classic&quot;}\">\n\t\t\t\t\t<div class=\"e-con-inner\">\n\t\t\t\t<div class=\"elementor-element elementor-element-1afc0b6 elementor-widget__width-initial elementor-widget-tablet__width-inherit wd-width-100 elementor-widget elementor-widget-wd_title\" data-id=\"1afc0b6\" data-element_type=\"widget\" data-widget_type=\"wd_title.default\">\n\t\t\t\t<div class=\"elementor-widget-container\">\n\t\t\t\t\t\t\t<div class=\"title-wrapper set-mb-s reset-last-child wd-title-color-primary wd-title-style-default wd-title-size-large text-left\">\n\n\t\t\t\n\t\t\t<div class=\"liner-continer\">\n\t\t\t\t<h4 class=\"woodmart-title-container title wd-fontsize-xxl\">Un outil complet pour une gestion fluide de votre activit\u00e9<\/h4> \n\t\t\t\t\t\t\t<\/div>\n\n\t\t\t\t\t<\/div>\n\t\t\t\t\t\t<\/div>\n\t\t\t\t<\/div>\n\t\t\t\t<div class=\"elementor-element elementor-element-93a137f elementor-widget__width-initial elementor-widget elementor-widget-image\" data-id=\"93a137f\" data-element_type=\"widget\" data-widget_type=\"image.default\">\n\t\t\t\t\t\t\t\t\t\t\t\t\t\t\t<img decoding=\"async\" width=\"921\" height=\"800\" src=\"https:\/\/lineup-solutions.fr\/wp-content\/uploads\/2025\/10\/Caisses-enregistreuses-921x800.jpg\" class=\"attachment-large size-large wp-image-16027\" alt=\"\" srcset=\"https:\/\/lineup-solutions.fr\/wp-content\/uploads\/2025\/10\/Caisses-enregistreuses-921x800.jpg 921w, https:\/\/lineup-solutions.fr\/wp-content\/uploads\/2025\/10\/Caisses-enregistreuses-345x300.jpg 345w, https:\/\/lineup-solutions.fr\/wp-content\/uploads\/2025\/10\/Caisses-enregistreuses-768x667.jpg 768w, https:\/\/lineup-solutions.fr\/wp-content\/uploads\/2025\/10\/Caisses-enregistreuses-860x747.jpg 860w, https:\/\/lineup-solutions.fr\/wp-content\/uploads\/2025\/10\/Caisses-enregistreuses-430x374.jpg 430w, https:\/\/lineup-solutions.fr\/wp-content\/uploads\/2025\/10\/Caisses-enregistreuses-700x608.jpg 700w, https:\/\/lineup-solutions.fr\/wp-content\/uploads\/2025\/10\/Caisses-enregistreuses-150x130.jpg 150w, https:\/\/lineup-solutions.fr\/wp-content\/uploads\/2025\/10\/Caisses-enregistreuses.jpg 1000w\" sizes=\"(max-width: 921px) 100vw, 921px\" \/>\t\t\t\t\t\t\t\t\t\t\t\t\t\t\t<\/div>\n\t\t\t\t<div class=\"elementor-element elementor-element-55567f4 elementor-widget__width-initial elementor-widget elementor-widget-image\" data-id=\"55567f4\" data-element_type=\"widget\" data-widget_type=\"image.default\">\n\t\t\t\t\t\t\t\t\t\t\t\t\t\t\t<img decoding=\"async\" width=\"1200\" height=\"800\" src=\"https:\/\/lineup-solutions.fr\/wp-content\/uploads\/2025\/10\/les-clients-assistes-par-un-vendeur-dans-un-magasin-ecologique-1200x800.jpg\" class=\"attachment-large size-large wp-image-16028\" alt=\"\" srcset=\"https:\/\/lineup-solutions.fr\/wp-content\/uploads\/2025\/10\/les-clients-assistes-par-un-vendeur-dans-un-magasin-ecologique-1200x800.jpg 1200w, https:\/\/lineup-solutions.fr\/wp-content\/uploads\/2025\/10\/les-clients-assistes-par-un-vendeur-dans-un-magasin-ecologique-400x267.jpg 400w, https:\/\/lineup-solutions.fr\/wp-content\/uploads\/2025\/10\/les-clients-assistes-par-un-vendeur-dans-un-magasin-ecologique-768x512.jpg 768w, https:\/\/lineup-solutions.fr\/wp-content\/uploads\/2025\/10\/les-clients-assistes-par-un-vendeur-dans-un-magasin-ecologique-1536x1024.jpg 1536w, https:\/\/lineup-solutions.fr\/wp-content\/uploads\/2025\/10\/les-clients-assistes-par-un-vendeur-dans-un-magasin-ecologique-2048x1365.jpg 2048w, https:\/\/lineup-solutions.fr\/wp-content\/uploads\/2025\/10\/les-clients-assistes-par-un-vendeur-dans-un-magasin-ecologique-860x573.jpg 860w, https:\/\/lineup-solutions.fr\/wp-content\/uploads\/2025\/10\/les-clients-assistes-par-un-vendeur-dans-un-magasin-ecologique-430x287.jpg 430w, https:\/\/lineup-solutions.fr\/wp-content\/uploads\/2025\/10\/les-clients-assistes-par-un-vendeur-dans-un-magasin-ecologique-700x467.jpg 700w, https:\/\/lineup-solutions.fr\/wp-content\/uploads\/2025\/10\/les-clients-assistes-par-un-vendeur-dans-un-magasin-ecologique-150x100.jpg 150w\" sizes=\"(max-width: 1200px) 100vw, 1200px\" \/>\t\t\t\t\t\t\t\t\t\t\t\t\t\t\t<\/div>\n\t\t\t\t\t<\/div>\n\t\t\t\t<\/div>\n\t\t<div class=\"elementor-element elementor-element-b13986a e-flex e-con-boxed e-con e-parent\" data-id=\"b13986a\" data-element_type=\"container\">\n\t\t\t\t\t<div class=\"e-con-inner\">\n\t\t<div class=\"elementor-element elementor-element-e4812d8 e-con-full e-flex e-con e-child\" data-id=\"e4812d8\" data-element_type=\"container\">\n\t\t\t\t<div class=\"elementor-element elementor-element-65028af elementor-widget__width-initial wd-width-100 elementor-widget elementor-widget-wd_title\" data-id=\"65028af\" data-element_type=\"widget\" data-widget_type=\"wd_title.default\">\n\t\t\t\t<div class=\"elementor-widget-container\">\n\t\t\t\t\t\t\t<div class=\"title-wrapper set-mb-s reset-last-child wd-title-color-primary wd-title-style-default wd-title-size-large text-left\">\n\n\t\t\t\n\t\t\t<div class=\"liner-continer\">\n\t\t\t\t<h4 class=\"woodmart-title-container title wd-fontsize-xxl\">Une solution cl\u00e9 en main<\/h4> \n\t\t\t\t\t\t\t<\/div>\n\n\t\t\t\t\t<\/div>\n\t\t\t\t\t\t<\/div>\n\t\t\t\t<\/div>\n\t\t\t\t<div class=\"elementor-element elementor-element-c5867c8 elementor-widget elementor-widget-wd_text_block\" data-id=\"c5867c8\" data-element_type=\"widget\" data-widget_type=\"wd_text_block.default\">\n\t\t\t\t<div class=\"elementor-widget-container\">\n\t\t\t\t\t\t\t<div class=\"wd-text-block reset-last-child text-left\">\n\t\t\t\n\t\t\t<p data-start=\"1085\" data-end=\"1217\"><span style=\"color: #000000;\">Nous offrons un <strong data-start=\"1101\" data-end=\"1120\">service complet<\/strong>, depuis le choix du mat\u00e9riel jusqu\u2019\u00e0 l\u2019installation sur site.<\/span><br data-start=\"1182\" data-end=\"1185\" \/><span style=\"color: #000000;\">Nos experts s\u2019occupent de tout :<\/span><\/p><ul data-start=\"1219\" data-end=\"1486\"><li data-start=\"1219\" data-end=\"1306\"><p data-start=\"1221\" data-end=\"1306\"><span style=\"color: #000000;\"><strong data-start=\"1221\" data-end=\"1255\">Fourniture du mat\u00e9riel tactile<\/strong> (caisse, imprimante, tiroir, \u00e9cran client, etc.)<\/span><\/p><\/li><li data-start=\"1307\" data-end=\"1366\"><p data-start=\"1309\" data-end=\"1366\"><span style=\"color: #000000;\"><strong data-start=\"1309\" data-end=\"1342\">Installation et configuration<\/strong> du logiciel de caisse<\/span><\/p><\/li><li data-start=\"1367\" data-end=\"1421\"><p data-start=\"1369\" data-end=\"1421\"><span style=\"color: #000000;\"><strong data-start=\"1369\" data-end=\"1382\">Formation<\/strong> \u00e0 l\u2019utilisation pour votre personnel<\/span><\/p><\/li><li data-start=\"1422\" data-end=\"1486\"><p data-start=\"1424\" data-end=\"1486\"><span style=\"color: #000000;\"><strong data-start=\"1424\" data-end=\"1465\">Maintenance et assistance apr\u00e8s-vente<\/strong> rapides et fiables<\/span><\/p><\/li><\/ul>\n\t\t\t\t\t<\/div>\n\t\t\t\t\t\t<\/div>\n\t\t\t\t<\/div>\n\t\t\t\t<\/div>\n\t\t<div class=\"elementor-element elementor-element-d9abf66 e-con-full e-flex e-con e-child\" data-id=\"d9abf66\" data-element_type=\"container\">\n\t\t\t\t<div class=\"elementor-element elementor-element-ff649b2 elementor-widget elementor-widget-wd_image_or_svg\" data-id=\"ff649b2\" data-element_type=\"widget\" data-widget_type=\"wd_image_or_svg.default\">\n\t\t\t\t<div class=\"elementor-widget-container\">\n\t\t\t\t\t\n\t\t<div class=\"wd-image text-left\">\n\t\t\t\t\t\t\t\t<img loading=\"lazy\" decoding=\"async\" width=\"2560\" height=\"1707\" src=\"https:\/\/lineup-solutions.fr\/wp-content\/uploads\/2025\/10\/personnel-feminin-a-l-aide-d-un-terminal-de-carte-de-credit-au-comptoir-de-caisse-scaled.jpg\" class=\"attachment-full size-full\" alt=\"\" srcset=\"https:\/\/lineup-solutions.fr\/wp-content\/uploads\/2025\/10\/personnel-feminin-a-l-aide-d-un-terminal-de-carte-de-credit-au-comptoir-de-caisse-scaled.jpg 2560w, https:\/\/lineup-solutions.fr\/wp-content\/uploads\/2025\/10\/personnel-feminin-a-l-aide-d-un-terminal-de-carte-de-credit-au-comptoir-de-caisse-400x267.jpg 400w, https:\/\/lineup-solutions.fr\/wp-content\/uploads\/2025\/10\/personnel-feminin-a-l-aide-d-un-terminal-de-carte-de-credit-au-comptoir-de-caisse-1200x800.jpg 1200w, https:\/\/lineup-solutions.fr\/wp-content\/uploads\/2025\/10\/personnel-feminin-a-l-aide-d-un-terminal-de-carte-de-credit-au-comptoir-de-caisse-768x512.jpg 768w, https:\/\/lineup-solutions.fr\/wp-content\/uploads\/2025\/10\/personnel-feminin-a-l-aide-d-un-terminal-de-carte-de-credit-au-comptoir-de-caisse-1536x1024.jpg 1536w, https:\/\/lineup-solutions.fr\/wp-content\/uploads\/2025\/10\/personnel-feminin-a-l-aide-d-un-terminal-de-carte-de-credit-au-comptoir-de-caisse-2048x1365.jpg 2048w, https:\/\/lineup-solutions.fr\/wp-content\/uploads\/2025\/10\/personnel-feminin-a-l-aide-d-un-terminal-de-carte-de-credit-au-comptoir-de-caisse-860x573.jpg 860w, https:\/\/lineup-solutions.fr\/wp-content\/uploads\/2025\/10\/personnel-feminin-a-l-aide-d-un-terminal-de-carte-de-credit-au-comptoir-de-caisse-430x287.jpg 430w, https:\/\/lineup-solutions.fr\/wp-content\/uploads\/2025\/10\/personnel-feminin-a-l-aide-d-un-terminal-de-carte-de-credit-au-comptoir-de-caisse-700x467.jpg 700w, https:\/\/lineup-solutions.fr\/wp-content\/uploads\/2025\/10\/personnel-feminin-a-l-aide-d-un-terminal-de-carte-de-credit-au-comptoir-de-caisse-150x100.jpg 150w\" sizes=\"(max-width: 2560px) 100vw, 2560px\" \/>\t\t\t\t\t<\/div>\n\n\t\t\t\t\t\t<\/div>\n\t\t\t\t<\/div>\n\t\t\t\t<\/div>\n\t\t\t\t\t<\/div>\n\t\t\t\t<\/div>\n\t\t\t\t<\/div>\n\t\t","protected":false},"excerpt":{"rendered":"<p>Marketing Digital Boostez votre pr\u00e9sence en ligne avec Lineup Solution Simplifiez vos commandes, dynamisez votre service Chez Lineupgraphi, nous vous<\/p>\n","protected":false},"author":1,"featured_media":0,"parent":0,"menu_order":0,"comment_status":"closed","ping_status":"closed","template":"elementor_header_footer","meta":{"footnotes":""},"class_list":["post-15997","page","type-page","status-publish","hentry"],"_links":{"self":[{"href":"https:\/\/lineup-solutions.fr\/index.php\/wp-json\/wp\/v2\/pages\/15997","targetHints":{"allow":["GET"]}}],"collection":[{"href":"https:\/\/lineup-solutions.fr\/index.php\/wp-json\/wp\/v2\/pages"}],"about":[{"href":"https:\/\/lineup-solutions.fr\/index.php\/wp-json\/wp\/v2\/types\/page"}],"author":[{"embeddable":true,"href":"https:\/\/lineup-solutions.fr\/index.php\/wp-json\/wp\/v2\/users\/1"}],"replies":[{"embeddable":true,"href":"https:\/\/lineup-solutions.fr\/index.php\/wp-json\/wp\/v2\/comments?post=15997"}],"version-history":[{"count":34,"href":"https:\/\/lineup-solutions.fr\/index.php\/wp-json\/wp\/v2\/pages\/15997\/revisions"}],"predecessor-version":[{"id":16081,"href":"https:\/\/lineup-solutions.fr\/index.php\/wp-json\/wp\/v2\/pages\/15997\/revisions\/16081"}],"wp:attachment":[{"href":"https:\/\/lineup-solutions.fr\/index.php\/wp-json\/wp\/v2\/media?parent=15997"}],"curies":[{"name":"wp","href":"https:\/\/api.w.org\/{rel}","templated":true}]}}